{"id":635,"date":"2020-07-27T07:37:42","date_gmt":"2020-07-27T04:37:42","guid":{"rendered":"http:\/\/mada-group.ro\/?page_id=635"},"modified":"2020-07-27T07:38:13","modified_gmt":"2020-07-27T04:38:13","slug":"635-2","status":"publish","type":"page","link":"https:\/\/mada-group.ro\/?page_id=635","title":{"rendered":"Protec\u021bia datelor cu caracter personal"},"content":{"rendered":"\n<h4><strong>Informare privind prelucrarea datelor cu caracter personal<\/strong><\/h4>\n\n\n\n<h5><strong>Modific\u0103ri ale documentului<\/strong><\/h5>\n\n\n\n<p>Aceast\u0103\u00a0Informare privind prelucrarea datelor cu caracter personal este actualizat\u0103\u00a0periodic. Ori de c\u00e2te orivom face o modificare, o vom afi\u0219a pe site-ul nostru web www.mada-group.ro.\u00a0<span class=\"has-inline-color has-vivid-red-color\">Data ultimei actualiz\u0103ri: mai 2020<\/span><\/p>\n\n\n\n<h5><strong>Modul de utilizare al acestei inform\u0103ri<\/strong><\/h5>\n\n\n\n<p>\u00cen aceast\u0103&nbsp;informare, explic\u0103m modul \u00een care colect\u0103m, proces\u0103m, utiliz\u0103m, facem schimb de&nbsp;\u0219i protej\u0103m datele dvs. cu caracter personal, atunci c\u00e2nd utiliza\u021bi produsele&nbsp;\u0219i serviciile noastre, precum&nbsp;\u0219i site-ul nostru web.&nbsp;<\/p>\n\n\n\n<h5><strong>Principiile noastre<\/strong><\/h5>\n\n\n\n<p><span class=\"has-inline-color has-vivid-red-color\">Mada Elemente de Constructii<\/span> \u0219i-a luat angajamentul s\u0103&nbsp;v\u0103&nbsp;respecte via\u021ba privat\u0103. Lu\u0103m \u00een serios protec\u021bia datelor, securitatea&nbsp;\u0219i conformarea cu legisla\u021bia privind protec\u021bia datelor cu caracter personal&nbsp;\u0219i a vie\u021bii private. Urm\u0103rim s\u0103&nbsp;punem aceste angajamente \u00een centrul a tot ceea ce facem.<\/p>\n\n\n\n<h4><strong>Elementele de baz\u0103<\/strong><\/h4>\n\n\n\n<h5><strong>Datele cu caracter personal pe care le colect\u0103m cu privire la dvs.<\/strong><\/h5>\n\n\n\n<p>Informa\u021biile pe care le colect\u0103m cu privire la dvs.\u00a0\u0219i modul \u00een care le colect\u0103m pot varia \u00een func\u021bie de activit\u0103\u0163ile realizate de Mada Elemente de Constructii sau activit\u0103\u021bile la care participa\u021bi, modul \u00een care a\u021bi utilizat serviciile si facilit\u0103\u021bile oferite de Mada Elemente de Constructii\u00a0\u0219i modul \u00een care a\u021bi interac\u021bionat cu Mada Elemente de Constructii sau ceea ce am ob\u021binut de la o ter\u021b\u0103\u00a0parte care avea permisiunea de a face schimb de informa\u021bii cu noi.<\/p>\n\n\n\n<p>Vom colecta datele dvs. cu caracter personal atunci c\u00e2nd, de exemplu:<\/p>\n\n\n\n<ul><li>Solicita\u0163i participarea la activit\u0103\u021bi sau alte manifest\u0103ri organizate de Mada Elemente de Constructii, pe baza documentelor de participare editate de Mada Elemente de Constructii;<\/li><li>Benefici\u021bi un anumit serviciu oferit de Mada Elemente de Constructii;<\/li><li>Deveni\u0163i colaborator al Mada Elemente de Constructii \u00een baza de documente conforme cu legisla\u021bia \u00een vigoare;<\/li><li>Ne contacta\u021bi prin diverse canale, sau ne solicita\u021bi informa\u021bii \u00een leg\u0103tur\u0103\u00a0cu serviciile oferite de Mada Elemente de Constructii sau s\u0103\u00a0primi\u0163i informa\u0163ii periodice despre activitatea\u00a0\u015fi\/sau ac\u0163iunile realizate sau care vor fi realizate de Mada Elemente de Constructii;<\/li><li>A\u021bi acordat permisiunea altor entit\u0103\u0163i s\u0103\u00a0fac\u0103\u00a0schimb de informa\u021bii cu noi cu privire la dvs.;<\/li><li>Atunci c\u00e2nd datele dvs. cu caracter personal sunt publice.<\/li><\/ul>\n\n\n\n<p>Tipurile de informa\u021bii pe care le solicit\u0103m sau le putem avea sunt, dac\u0103&nbsp;este cazul:<\/p>\n\n\n\n<ul><li><span class=\"has-inline-color has-vivid-red-color\">Pentru primirea de informa\u0163ii periodice<\/span> despre activitatea\u00a0\u015fi\/sau ac\u0163iunile realizate sau care vor fi realizate de Mada Elemente de Constructii: Numele\u00a0\u015fi prenumele, num\u0103rul dvs. de telefon fix\u00a0\u0219i\/sau mobil\u00a0\u015fi de fax,\u00a0adresa po\u0219tal\u0103 \u0219i adresa de e-mail.<\/li><\/ul>\n\n\n\n<h5><strong>Cum utiliz\u0103m datele dvs. cu caracter personal<\/strong><\/h5>\n\n\n\n<p>Vom utiliza datele dvs. cu caracter personal \u00een urm\u0103toarele scopuri:<\/p>\n\n\n\n<p>Cea mai mare parte a datelor personale primite de la dvs. nu au fost si nu vor fi niciodat\u0103&nbsp;transmise unor ter\u0163e p\u0103r\u0163i, cu excep\u0163ia situa\u0163iilor prev\u0103zute de legisla\u0163ia \u00een vigoare.<\/p>\n\n\n\n<p>Excep\u0163ie: \u00cen func\u0163ie de evenimentul organizat de Mada Elemente de Constructii sunt \u00eentocmite diferite categorii de liste cu participan\u0163ii la evenimentele respective, liste care uneori sunt f\u0103cute publice. Aceste liste con\u0163in numai informa\u0163ii publice (nume\u00a0\u015fi prenumele participantului\u00a0\u015fi uneori institu\u0163ia la care lucreaz\u0103 \u015fi func\u0163ia).<\/p>\n\n\n\n<p>Mada Elemente de Constructii dispune de o baza de date ampl\u0103\u00a0care poate con\u0163ine numele\u00a0\u015fi prenumele, num\u0103rul de telefon fix\u00a0\u0219i\/sau mobil\u00a0\u015fi de fax,\u00a0\u0219i adresa de e-mail, locul de munc\u0103 ale persoanelor cu care Mada Elemente de Constructii a avut leg\u0103turi de-a lungul timpului. Aceast\u0103\u00a0baz\u0103\u00a0de date face parte din patrimoniul Mada Elemente de Constructii\u00a0\u015fi nu au fost\u00a0\u015fi nu vor fi niciodat\u0103\u00a0transmise astfel de informa\u0163ii unor ter\u0163e p\u0103r\u0163i. Datele respective sunt utilizate pentru a v\u0103\u00a0contacta (telefonic, prin e-mail sau prin po\u015ft\u0103) pentru actit\u0103\u0163ile curente ale Mada Elemente de Constructii\u00a0\u015fi s\u0103\u00a0primi\u0163i informa\u0163ii periodice (\u00een principal prin e-mail sau prin po\u015ft\u0103) despre activitatea\u00a0\u015fi\/sau ac\u0163iunile realizate sau care vor fi realizate de Mada Elemente de Constructii.<\/p>\n\n\n\n<h5><strong>Durata de p\u0103strare a datelor dvs. cu caracter personal<\/strong><\/h5>\n\n\n\n<p>Vom stoca informa\u021biile dvs. at\u00e2t timp c\u00e2t ni se cere prin lege. Dac\u0103&nbsp;nu exist\u0103&nbsp;nicio cerin\u021b\u0103&nbsp;legal\u0103, le vom stoca doar at\u00e2t timp c\u00e2t este necesar.<\/p>\n\n\n\n<h5><strong>P\u0103strarea \u00een siguran\u021b\u0103 a datelor dvs. cu caracter personal<\/strong><\/h5>\n\n\n\n<p>Analiz\u0103m&nbsp;\u0219i \u00eembun\u0103\u0163im \u00een mod constant m\u0103surile pe care le-am adoptat pentru protec\u021bia datelor dvs. cu caracter personal \u00eempotriva oric\u0103rui acces neautorizat, pierdere accidental\u0103, dezv\u0103luire sau distrugere. Comunic\u0103rile prin internet (cum ar fi e-mailurile) nu sunt sigure dac\u0103&nbsp;nu sunt criptate. Comunic\u0103rile dvs. pot traversa mai multe&nbsp;\u021b\u0103ri \u00eenainte de a fi remise, deoarece aceasta este natura internetului. Nu putem accepta responsabilitatea pentru niciun acces neautorizat sau pierdere de date cu caracter personal care nu&nbsp;\u021bine de controlul nostru.<\/p>\n\n\n\n<p>Nu v\u0103&nbsp;vom cere niciodat\u0103&nbsp;s\u0103&nbsp;ne comunica\u021bi informa\u021biile dvs. sigure, personale sau privind contul, printr-un mijloc de comunicare nesolicitat. R\u0103spunde\u021bi pentru p\u0103strarea \u00een siguran\u021b\u0103&nbsp;a informa\u021biilor personale&nbsp;\u0219i privind contul&nbsp;\u0219i pentru necomunicarea acestora c\u0103tre alte persoane.<\/p>\n\n\n\n<p>Site-ul nostru web poate con\u021bine link-uri la site-urile web ale unor ter\u021be p\u0103r\u021bi. Nu r\u0103spundem pentru securitatea&nbsp;\u0219i con\u021binutul respectivelor site-uri ale ter\u021belor p\u0103r\u021bi. Prin urmare, asigura\u021bi-v\u0103&nbsp;c\u0103&nbsp;citi\u021bi politica acelei societ\u0103\u021bi privind protec\u021bia datelor&nbsp;\u0219i cookie-urile \u00eenainte de a utiliza sau de a pune informa\u021biile personale pe site-ul acestora.<\/p>\n\n\n\n<p>Acela\u0219i lucru se aplic\u0103&nbsp;\u00een cazul oric\u0103ror site-uri sau con\u021binuturi ale ter\u021belor p\u0103r\u021bi la care v\u0103&nbsp;conecta\u021bi utiliz\u00e2nd&nbsp;\u0219i serviciile noastre. Pute\u021bi alege s\u0103&nbsp;dezv\u0103lui\u021bi datele dvs. \u00een anumite moduri cum ar fi plug-in-urile re\u021belelor de socializare (inclusiv cele oferite de Google, Facebook, Twitter&nbsp;\u0219i Pinterest) sau utiliz\u00e2nd servicii ale ter\u021belor p\u0103r\u021bi care v\u0103&nbsp;permit s\u0103&nbsp;posta\u021bi public analize sau alte informa\u021bii, iar o ter\u021b\u0103&nbsp;parte ar putea utiliza informa\u021biile respective. Plug-in-urile re\u021belelor de socializare&nbsp;\u0219i aplica\u021biile de socializare sunt operate chiar de re\u021beaua de socializare&nbsp;\u0219i respect\u0103&nbsp;condi\u021biile de utilizare&nbsp;\u0219i politicile acelor re\u021bele privind protec\u021bia datelor&nbsp;\u0219i cookie-urile. Trebuie s\u0103&nbsp;v\u0103&nbsp;asigura\u021bi c\u0103&nbsp;ave\u021bi cuno\u0219tin\u021b\u0103&nbsp;de acestea.<\/p>\n\n\n\n<p>Facem tot posibilul pentru a p\u0103stra datele dvs. personale \u00een siguran\u021b\u0103. Utiliz\u0103m protocoale sigure pentru comunicare \u0219i transfer de date (cum ar fi HTTPS). Folosim anonimizarea \u0219i pseudonimizarea acolo unde este potrivit. Monitoriz\u0103m sistemele noastre pentru posibile vulnerabilit\u0103\u021bi \u0219i atacuri.<br>Chiar dac\u0103 \u00eencerc\u0103m tot ce ne sta in putinta, nu putem garanta securitatea informa\u021biilor. Cu toate acestea, ne angajam s\u0103 notificam autorit\u0103\u021bile competente privind \u00eenc\u0103lc\u0103rile protectiei datelor. De asemenea, v\u0103 vom anun\u021ba dac\u0103 exist\u0103 o amenin\u021bare la adresa drepturilor sau intereselor dvs. Vom face tot ce putem \u00een mod rezonabil pentru a preveni \u00eenc\u0103lcarea securit\u0103\u021bii \u0219i pentru a asista autorit\u0103\u021bile \u00een cazul \u00een care vor ap\u0103rea \u00eenc\u0103lc\u0103ri.<\/p>\n\n\n\n<h5><strong>Drepturile dvs.<\/strong><\/h5>\n\n\n\n<ul><li>Dreptul la informare \u2013 ceea ce \u00eenseamn\u0103 c\u0103 trebuie s\u0103 \u0219ti\u021bi dac\u0103 datele dvs. personale sunt procesate; ce date sunt colectate, de unde sunt ob\u021binute \u0219i de ce \u0219i de cine sunt prelucrate.<\/li><li>Dreptul de acces \u2013 ceea ce \u00eenseamn\u0103 c\u0103 ave\u021bi dreptul de a accesa datele colectate de la \/ despre dvs. Aceasta include dreptul dvs. de a solicita \u0219i de a ob\u021bine o copie a datelor dvs. personale culese.<\/li><li>Dreptul la actualizare\/rectificare \u2013 ceea ce \u00eenseamn\u0103 ave\u0163i dreptul de a solicita rectificarea sau \u015ftergerea datelor dumneavoastr\u0103 personale, care sunt inexacte sau incomplete.<\/li><li>Dreptul de \u0219tergere \u2013 ceea ce \u00eenseamn\u0103 c\u0103 \u00een anumite circumstan\u021be pute\u021bi cere ca datele dvs. personale s\u0103 fie \u0219terse din \u00eenregistr\u0103rile noastre.<\/li><li>Dreptul de a restric\u021biona procesarea \u2013 adic\u0103 \u00een cazul \u00een care se aplic\u0103 anumite condi\u021bii, ave\u021bi dreptul s\u0103 restric\u021biona\u021bi procesarea datelor dvs. personale.<\/li><li>Dreptul de a v\u0103 opune proces\u0103rii \u2013 adic\u0103 \u00een anumite cazuri ave\u021bi dreptul s\u0103 v\u0103 opune\u021bi proces\u0103rii datelor dvs. personale, de exemplu \u00een cazul marketingului direct.<\/li><li>Dreptul de a se opune prelucr\u0103rii automate \u2013 ceea ce \u00eenseamn\u0103 c\u0103 ave\u021bi dreptul s\u0103 face\u021bi obiec\u021bii fa\u021b\u0103 de procesarea automat\u0103, inclusiv de profilare; \u0219i s\u0103 nu fac\u0103 obiectul unei decizii bazate exclusiv pe prelucrarea automat\u0103. Acest drept poate fi exercitat ori de c\u00e2te ori exist\u0103 un rezultat al profil\u0103rii care produce efecte juridice care te afecteaz\u0103 sau te afecteaz\u0103 \u00een mod semnificativ.<\/li><li>Dreptul la portabilitatea datelor \u2013 ave\u021bi dreptul s\u0103 ob\u021bine\u021bi datele dvs. personale \u00eentr-un format adecvat sau, dac\u0103 este posibil ca transfer direct de la un procesator la altul..<\/li><li>Dreptul de a depune o pl\u00e2ngere \u2013 \u00een cazul \u00een care refuz\u0103m cererea dvs. \u00een baza Drepturilor de Acces, v\u0103 vom oferi un motiv de ce. Dac\u0103 nu sunte\u021bi mul\u021bumit de modul \u00een care a fost tratat\u0103 solicitarea dvs., v\u0103 rug\u0103m s\u0103 ne contacta\u021bi.<\/li><li>Dreptul de ajutor de la autoritatea de supraveghere \u2013 ceea ce \u00eenseamn\u0103 c\u0103 ave\u021bi dreptul la ajutorul unei autorit\u0103\u021bi de supraveghere \u0219i dreptul la alte c\u0103i de atac, cum ar fi solicitarea de desp\u0103gubiri.<\/li><li>Dreptul de a retrage consim\u0163\u0103m\u00e2ntul \u2013 ai dreptul retrage orice acord dat de prelucrare a datelor dumneavoastr\u0103 personale.<\/li><\/ul>\n\n\n\n<h5><strong>Pentru a nu mai primi mesaje prin e-mail:<\/strong><\/h5>\n\n\n\n<p>Dac\u0103\u00a0nu dori\u021bi s\u0103\u00a0mai primi\u021bi mesaje prin e-mail din partea Mada Elemente de Constructii v\u0103\u00a0rug\u0103m s\u0103\u00a0transmite\u0163i o solicitare \u00een acest sens la adresa de e-mail: office@mada-group.ro<\/p>\n\n\n\n<h5><strong>Cum s\u0103 \u00eenainta\u021bi o pl\u00e2ngere<\/strong><\/h5>\n\n\n\n<p>Dac\u0103\u00a0dori\u021bi s\u0103\u00a0ne contacta\u021bi \u00een leg\u0103tur\u0103\u00a0cu oricare dintre drepturile dvs. sau s\u0103\u00a0face\u021bi o pl\u00e2ngere \u00een leg\u0103tur\u0103\u00a0cu modul \u00een care utiliz\u0103m datele dvs. cu caracter personal, v\u0103\u00a0rug\u0103m s\u0103\u00a0ne contacta\u021bi la adresa de e- mail: office@mada-group.ro. Vom face toate eforturile pentru a ajuta, dar dac\u0103\u00a0ave\u021bi \u00een continuare nemul\u021bumiri, pute\u021bi contacta Autoritatea Na\u021bional\u0103\u00a0de Supraveghere a Prelucr\u0103rii Datelor cu Caracter Personal \u2013 datele de contact se g\u0103sesc la adresa\u00a0www.dataprotection.ro.<\/p>\n\n\n\n<h5><strong>Dreptul de a restric\u021biona utilizarea datelor dvs. cu caracter personal<\/strong><\/h5>\n\n\n\n<p>\u00cen cazul \u00een care considera\u021bi c\u0103\u00a0datele pe care le de\u021binem cu privire la dvs. sunt incorecte sau considera\u021bi c\u0103\u00a0nu ar trebui s\u0103\u00a0prelucr\u0103m datele dvs., v\u0103\u00a0rug\u0103m s\u0103\u00a0ne contacta\u0163i la adresa de e-mail: office@mada-group.ro pentru o discu\u021bie \u00een leg\u0103tur\u0103\u00a0cu drepturile pe care le ave\u021bi. \u00cen anumite circumstan\u021be, ve\u021bi avea dreptul de a ne cere restric\u021bionarea prelucr\u0103rii.<\/p>\n\n\n\n<h5><strong>Dreptul de \u0219tergere<\/strong><\/h5>\n\n\n\n<p>Mada Elemente de Constructii urm\u0103re\u0219te s\u0103\u00a0prelucreze\u00a0\u0219i s\u0103\u00a0p\u0103streze datele dvs. doar at\u00e2t timp c\u00e2t acest lucru este necesar sau este prev\u0103zut \u00een legisla\u0163ia \u00een vigoare. \u00cen anumite circumstan\u021be, ave\u021bi dreptul de a ne solicita s\u0103 \u0219tergem datele dvs. cu caracter personal pe care le de\u021binem.<\/p>\n","protected":false},"excerpt":{"rendered":"<p>Informare privind prelucrarea datelor cu caracter personal Modific\u0103ri ale documentului Aceast\u0103\u00a0Informare privind prelucrarea datelor cu caracter personal este actualizat\u0103\u00a0periodic. Ori de c\u00e2te orivom face o modificare, o vom afi\u0219a pe site-ul nostru web www.mada-group.ro.\u00a0Data ultimei actualiz\u0103ri: mai 2020 Modul de utilizare al acestei inform\u0103ri \u00cen aceast\u0103&nbsp;informare, explic\u0103m modul \u00een care colect\u0103m, proces\u0103m, utiliz\u0103m, facem schimb de&nbsp;\u0219i protej\u0103m datele dvs. cu [&hellip;]<\/p>\n","protected":false},"author":1,"featured_media":0,"parent":0,"menu_order":0,"comment_status":"closed","ping_status":"closed","template":"","meta":{"ngg_post_thumbnail":0},"_links":{"self":[{"href":"https:\/\/mada-group.ro\/index.php?rest_route=\/wp\/v2\/pages\/635"}],"collection":[{"href":"https:\/\/mada-group.ro\/index.php?rest_route=\/wp\/v2\/pages"}],"about":[{"href":"https:\/\/mada-group.ro\/index.php?rest_route=\/wp\/v2\/types\/page"}],"author":[{"embeddable":true,"href":"https:\/\/mada-group.ro\/index.php?rest_route=\/wp\/v2\/users\/1"}],"replies":[{"embeddable":true,"href":"https:\/\/mada-group.ro\/index.php?rest_route=%2Fwp%2Fv2%2Fcomments&post=635"}],"version-history":[{"count":4,"href":"https:\/\/mada-group.ro\/index.php?rest_route=\/wp\/v2\/pages\/635\/revisions"}],"predecessor-version":[{"id":639,"href":"https:\/\/mada-group.ro\/index.php?rest_route=\/wp\/v2\/pages\/635\/revisions\/639"}],"wp:attachment":[{"href":"https:\/\/mada-group.ro\/index.php?rest_route=%2Fwp%2Fv2%2Fmedia&parent=635"}],"curies":[{"name":"wp","href":"https:\/\/api.w.org\/{rel}","templated":true}]}}